{"id":3346,"date":"2024-03-12T13:28:47","date_gmt":"2024-03-12T12:28:47","guid":{"rendered":"https:\/\/iuya.it\/?page_id=3346"},"modified":"2025-02-27T16:32:44","modified_gmt":"2025-02-27T15:32:44","slug":"corrispondenti-esteri-iuya","status":"publish","type":"page","link":"https:\/\/iuya.it\/en\/corrispondenti-esteri-iuya\/","title":{"rendered":"Corrispondenti Esteri IUYA"},"content":{"rendered":"<div data-elementor-type=\"wp-page\" data-elementor-id=\"3346\" class=\"elementor elementor-3346\" data-elementor-post-type=\"page\">\n\t\t\t\t<div class=\"elementor-element elementor-element-d2650d6 e-flex e-con-boxed e-con e-parent\" data-id=\"d2650d6\" data-element_type=\"container\">\n\t\t\t\t\t<div class=\"e-con-inner\">\n\t\t\t\t<div class=\"elementor-element elementor-element-107f66b elementor-widget elementor-widget-heading\" data-id=\"107f66b\" data-element_type=\"widget\" data-widget_type=\"heading.default\">\n\t\t\t\t<div class=\"elementor-widget-container\">\n\t\t\t\t\t<h2 class=\"elementor-heading-title elementor-size-default\">INTERNAZIONALIZZAZIONE: UNA NECESSIT\u00c0 DI UN NUMERO SEMPRE PI\u00d9 ELEVATO DI PROFESSIONISTI E IMPRESE<\/h2>\t\t\t\t<\/div>\n\t\t\t\t<\/div>\n\t\t\t\t<div class=\"elementor-element elementor-element-74554ad elementor-widget elementor-widget-heading\" data-id=\"74554ad\" data-element_type=\"widget\" data-widget_type=\"heading.default\">\n\t\t\t\t<div class=\"elementor-widget-container\">\n\t\t\t\t\t<h2 class=\"elementor-heading-title elementor-size-default\">Corrispondenti Esteri IUYA<\/h2>\t\t\t\t<\/div>\n\t\t\t\t<\/div>\n\t\t\t\t\t<\/div>\n\t\t\t\t<\/div>\n\t\t<div class=\"elementor-element elementor-element-bea7553 e-flex e-con-boxed e-con e-parent\" data-id=\"bea7553\" data-element_type=\"container\">\n\t\t\t\t\t<div class=\"e-con-inner\">\n\t\t\t\t<div class=\"elementor-element elementor-element-f01c511 elementor-widget elementor-widget-text-editor\" data-id=\"f01c511\" data-element_type=\"widget\" data-widget_type=\"text-editor.default\">\n\t\t\t\t<div class=\"elementor-widget-container\">\n\t\t\t\t\t\t\t\t\tIUYA \u00e8 lieta di annunciare che sono stati siglati degli accordi di collaborazione con molteplici professionisti esteri specializzati in ambito legale, tributario, amministrativo e di marketing e che si sono dimostrati disponibili ad affiancare i giovani dottori commercialisti e i loro clienti nel processo di internazionalizzazione.<br><br>\nSi tratta di una esigenza fortemente sentita dai nostri associati che potranno usufruire, gratuitamente, dell\u2019elenco dei soggetti a cui potersi rivolgere per le proprie esigenze professionali oltreconfine.<br><br>L\u2019elenco dei paesi attualmente aderenti e coinvolti nel progetto, visibili gratuitamente tramite il sito internet istituzionale, comprendono:\t\t\t\t\t\t\t\t<\/div>\n\t\t\t\t<\/div>\n\t\t\t\t<div class=\"elementor-element elementor-element-39d6a03 elementor-widget-divider--view-line_icon elementor-view-default elementor-widget-divider--element-align-center elementor-widget elementor-widget-divider\" data-id=\"39d6a03\" data-element_type=\"widget\" data-widget_type=\"divider.default\">\n\t\t\t\t<div class=\"elementor-widget-container\">\n\t\t\t\t\t\t\t<div class=\"elementor-divider\">\n\t\t\t<span class=\"elementor-divider-separator\">\n\t\t\t\t\t\t\t<div class=\"elementor-icon elementor-divider__element\">\n\t\t\t\t\t<svg aria-hidden=\"true\" class=\"e-font-icon-svg e-fas-sitemap\" viewbox=\"0 0 640 512\" xmlns=\"http:\/\/www.w3.org\/2000\/svg\"><path d=\"M128 352H32c-17.67 0-32 14.33-32 32v96c0 17.67 14.33 32 32 32h96c17.67 0 32-14.33 32-32v-96c0-17.67-14.33-32-32-32zm-24-80h192v48h48v-48h192v48h48v-57.59c0-21.17-17.23-38.41-38.41-38.41H344v-64h40c17.67 0 32-14.33 32-32V32c0-17.67-14.33-32-32-32H256c-17.67 0-32 14.33-32 32v96c0 17.67 14.33 32 32 32h40v64H94.41C73.23 224 56 241.23 56 262.41V320h48v-48zm264 80h-96c-17.67 0-32 14.33-32 32v96c0 17.67 14.33 32 32 32h96c17.67 0 32-14.33 32-32v-96c0-17.67-14.33-32-32-32zm240 0h-96c-17.67 0-32 14.33-32 32v96c0 17.67 14.33 32 32 32h96c17.67 0 32-14.33 32-32v-96c0-17.67-14.33-32-32-32z\"><\/path><\/svg><\/div>\n\t\t\t\t\t\t<\/span>\n\t\t<\/div>\n\t\t\t\t\t\t<\/div>\n\t\t\t\t<\/div>\n\t\t\t\t<div class=\"elementor-element elementor-element-01d7dff elementor-alert-info elementor-widget elementor-widget-alert\" data-id=\"01d7dff\" data-element_type=\"widget\" data-widget_type=\"alert.default\">\n\t\t\t\t<div class=\"elementor-widget-container\">\n\t\t\t\t\t\t\t<div class=\"elementor-alert\" role=\"alert\">\n\n\t\t\t\t\t\t<span class=\"elementor-alert-title\"> ALBANIA, ARGENTINA, AUSTRALIA, COLOMBIA , BRASILE, CINA, CUBA, EMIRATI ARABI UNITI, FRANCIA, GERMANIA, MALTA, MAROCCO, MESSICO, PERU\u2019, SINGAPORE, SPAGNA, UK, USA<\/span>\n\t\t\t\n\t\t\t\n\t\t\t\n\t\t<\/div>\n\t\t\t\t\t\t<\/div>\n\t\t\t\t<\/div>\n\t\t\t\t<div class=\"elementor-element elementor-element-e1b34bf elementor-widget elementor-widget-image\" data-id=\"e1b34bf\" data-element_type=\"widget\" data-widget_type=\"image.default\">\n\t\t\t\t<div class=\"elementor-widget-container\">\n\t\t\t\t\t\t\t\t\t\t\t\t\t\t\t<img fetchpriority=\"high\" decoding=\"async\" width=\"1119\" height=\"533\" src=\"https:\/\/iuya.it\/wp-content\/uploads\/2025\/02\/MappaFeb25.png\" class=\"attachment-full size-full wp-image-4161\" alt=\"\" srcset=\"https:\/\/iuya.it\/wp-content\/uploads\/2025\/02\/MappaFeb25.png 1119w, https:\/\/iuya.it\/wp-content\/uploads\/2025\/02\/MappaFeb25-300x143.png 300w, https:\/\/iuya.it\/wp-content\/uploads\/2025\/02\/MappaFeb25-1024x488.png 1024w, https:\/\/iuya.it\/wp-content\/uploads\/2025\/02\/MappaFeb25-768x366.png 768w, https:\/\/iuya.it\/wp-content\/uploads\/2025\/02\/MappaFeb25-18x9.png 18w\" sizes=\"(max-width: 1119px) 100vw, 1119px\" \/>\t\t\t\t\t\t\t\t\t\t\t\t\t\t\t<\/div>\n\t\t\t\t<\/div>\n\t\t\t\t\t<\/div>\n\t\t\t\t<\/div>\n\t\t\t\t<\/div>","protected":false},"excerpt":{"rendered":"<p>INTERNAZIONALIZZAZIONE: UNA NECESSIT\u00c0 DI UN NUMERO SEMPRE PI\u00d9 ELEVATO DI PROFESSIONISTI E IMPRESE IUYA \u00e8 lieta di annunciare che sono stati siglati degli accordi di collaborazione con molteplici professionisti esteri specializzati in ambito legale, tributario, amministrativo e di marketing e che si sono dimostrati disponibili ad affiancare i giovani dottori commercialisti e i loro clienti [&hellip;]<\/p>","protected":false},"author":1,"featured_media":0,"parent":0,"menu_order":0,"comment_status":"closed","ping_status":"closed","template":"","meta":{"_acf_changed":false,"tpgb_global_settings":"","footnotes":""},"class_list":["post-3346","page","type-page","status-publish","hentry"],"acf":[],"tpgb_featured_images":null,"tpgb_post_meta_info":{"get_date":"12\/03\/2024","get_modified_date":"27\/02\/2025","author_name":"br00gle","author_url":"https:\/\/iuya.it\/en\/author\/br00gle\/","author_email":"brunomuratore@gmail.com","author_website":"https:\/\/iuya.it","author_description":"","author_facebook":"","author_twitter":"","author_instagram":"","author_role":["administrator"],"author_firstname":"","author_lastname":"","user_login":"br00gle","author_avatar":"<img alt='' src='https:\/\/secure.gravatar.com\/avatar\/58e6e63ad8a08473a6fc6bee41835628?s=200&#038;d=mm&#038;r=g' srcset='https:\/\/secure.gravatar.com\/avatar\/58e6e63ad8a08473a6fc6bee41835628?s=400&#038;d=mm&#038;r=g 2x' class='avatar avatar-200 photo' height='200' width='200' decoding='async'\/>","author_avatar_url":"https:\/\/secure.gravatar.com\/avatar\/58e6e63ad8a08473a6fc6bee41835628?s=96&d=mm&r=g","comment_count":0,"post_likes":0,"post_views":0},"tpgb_post_category":[],"_links":{"self":[{"href":"https:\/\/iuya.it\/en\/wp-json\/wp\/v2\/pages\/3346","targetHints":{"allow":["GET"]}}],"collection":[{"href":"https:\/\/iuya.it\/en\/wp-json\/wp\/v2\/pages"}],"about":[{"href":"https:\/\/iuya.it\/en\/wp-json\/wp\/v2\/types\/page"}],"author":[{"embeddable":true,"href":"https:\/\/iuya.it\/en\/wp-json\/wp\/v2\/users\/1"}],"replies":[{"embeddable":true,"href":"https:\/\/iuya.it\/en\/wp-json\/wp\/v2\/comments?post=3346"}],"version-history":[{"count":15,"href":"https:\/\/iuya.it\/en\/wp-json\/wp\/v2\/pages\/3346\/revisions"}],"predecessor-version":[{"id":4167,"href":"https:\/\/iuya.it\/en\/wp-json\/wp\/v2\/pages\/3346\/revisions\/4167"}],"wp:attachment":[{"href":"https:\/\/iuya.it\/en\/wp-json\/wp\/v2\/media?parent=3346"}],"curies":[{"name":"wp","href":"https:\/\/api.w.org\/{rel}","templated":true}]}}